{"id":1615,"date":"2023-10-29T19:11:52","date_gmt":"2023-10-29T18:11:52","guid":{"rendered":"https:\/\/laboitebleue.net\/?page_id=1615"},"modified":"2023-11-02T16:08:44","modified_gmt":"2023-11-02T15:08:44","slug":"1615-2","status":"publish","type":"page","link":"https:\/\/laboitebleue.net\/index.php\/1615-2\/","title":{"rendered":"R\u00e9colte et exploitation des donn\u00e9es de sant\u00e9s pour la cr\u00e9ation d\u2019algorithmes:"},"content":{"rendered":"\n<div class=\"wp-block-columns is-layout-flex wp-container-core-columns-is-layout-9d6595d7 wp-block-columns-is-layout-flex\">\n<div class=\"wp-block-column is-vertically-aligned-center is-layout-flow wp-block-column-is-layout-flow\" style=\"flex-basis:66.66%\">\n<p>laBoiteBleue excelle dans la r\u00e9colte et l&#8217;exploitation des donn\u00e9es de sant\u00e9, processus essentiel pour l&#8217;\u00e9laboration d&#8217;algorithmes d&#8217;intelligence artificielle performants. Nous mettons en \u0153uvre des strat\u00e9gies avanc\u00e9es pour collecter des donn\u00e9es cliniques de mani\u00e8re \u00e9thique et s\u00e9curis\u00e9e, en assurant leur anonymisation et leur conformit\u00e9 aux r\u00e9glementations en vigueur. Ensuite, nous utilisons ces vastes ensembles de donn\u00e9es pour entra\u00eener nos algorithmes \u00e0 reconna\u00eetre des motifs, faire des pr\u00e9dictions pr\u00e9cises et soutenir des d\u00e9cisions m\u00e9dicales \u00e9clair\u00e9es. Notre engagement est double : prot\u00e9ger la confidentialit\u00e9 des patients et, simultan\u00e9ment, extraire de la valeur significative des donn\u00e9es pour faire progresser la sant\u00e9 et le bien-\u00eatre.<\/p>\n<\/div>\n<\/div>\n","protected":false},"excerpt":{"rendered":"<p>laBoiteBleue excelle dans la r\u00e9colte et l&#8217;exploitation des donn\u00e9es de sant\u00e9, processus essentiel pour l&#8217;\u00e9laboration d&#8217;algorithmes d&#8217;intelligence artificielle performants. Nous mettons en \u0153uvre des strat\u00e9gies avanc\u00e9es pour collecter des donn\u00e9es &#8230;<\/p>\n","protected":false},"author":1,"featured_media":0,"parent":0,"menu_order":0,"comment_status":"closed","ping_status":"closed","template":"","meta":{"footnotes":""},"class_list":["post-1615","page","type-page","status-publish","hentry"],"aioseo_notices":[],"_links":{"self":[{"href":"https:\/\/laboitebleue.net\/index.php\/wp-json\/wp\/v2\/pages\/1615","targetHints":{"allow":["GET"]}}],"collection":[{"href":"https:\/\/laboitebleue.net\/index.php\/wp-json\/wp\/v2\/pages"}],"about":[{"href":"https:\/\/laboitebleue.net\/index.php\/wp-json\/wp\/v2\/types\/page"}],"author":[{"embeddable":true,"href":"https:\/\/laboitebleue.net\/index.php\/wp-json\/wp\/v2\/users\/1"}],"replies":[{"embeddable":true,"href":"https:\/\/laboitebleue.net\/index.php\/wp-json\/wp\/v2\/comments?post=1615"}],"version-history":[{"count":3,"href":"https:\/\/laboitebleue.net\/index.php\/wp-json\/wp\/v2\/pages\/1615\/revisions"}],"predecessor-version":[{"id":1685,"href":"https:\/\/laboitebleue.net\/index.php\/wp-json\/wp\/v2\/pages\/1615\/revisions\/1685"}],"wp:attachment":[{"href":"https:\/\/laboitebleue.net\/index.php\/wp-json\/wp\/v2\/media?parent=1615"}],"curies":[{"name":"wp","href":"https:\/\/api.w.org\/{rel}","templated":true}]}}