{"id":1604,"date":"2023-10-29T18:54:38","date_gmt":"2023-10-29T17:54:38","guid":{"rendered":"https:\/\/laboitebleue.net\/?page_id=1604"},"modified":"2023-11-02T16:11:26","modified_gmt":"2023-11-02T15:11:26","slug":"ia","status":"publish","type":"page","link":"https:\/\/laboitebleue.net\/index.php\/ia\/","title":{"rendered":"Cr\u00e9ation d\u2019algorithme d\u2019intelligence artificielle :\u00a0"},"content":{"rendered":"\n<div class=\"wp-block-columns is-layout-flex wp-container-core-columns-is-layout-9d6595d7 wp-block-columns-is-layout-flex\">\n<div class=\"wp-block-column is-vertically-aligned-center is-layout-flow wp-block-column-is-layout-flow\" style=\"flex-basis:66.66%\">\n<p>Chez laBoiteBleue, la cr\u00e9ation d&#8217;algorithmes d&#8217;intelligence artificielle est au c\u0153ur de notre innovation. Nous d\u00e9veloppons des algorithmes sur mesure qui sont le fruit d&#8217;une expertise pointue en IA, alliant la connaissance m\u00e9dicale approfondie \u00e0 des comp\u00e9tences techniques de haut niveau. Nos solutions d&#8217;IA sont con\u00e7ues pour apprendre et s&#8217;adapter, permettant une analyse pr\u00e9dictive et une interpr\u00e9tation pr\u00e9cise des donn\u00e9es m\u00e9dicales, ce qui ouvre la voie \u00e0 des avanc\u00e9es significatives en mati\u00e8re de soins de sant\u00e9 personnalis\u00e9s. Nous nous assurons que chaque algorithme respecte les normes \u00e9thiques les plus \u00e9lev\u00e9es, prot\u00e9geant ainsi la confidentialit\u00e9 et l&#8217;int\u00e9grit\u00e9 des donn\u00e9es des patients.<\/p>\n<\/div>\n<\/div>\n","protected":false},"excerpt":{"rendered":"<p>Chez laBoiteBleue, la cr\u00e9ation d&#8217;algorithmes d&#8217;intelligence artificielle est au c\u0153ur de notre innovation. Nous d\u00e9veloppons des algorithmes sur mesure qui sont le fruit d&#8217;une expertise pointue en IA, alliant la &#8230;<\/p>\n","protected":false},"author":1,"featured_media":0,"parent":0,"menu_order":0,"comment_status":"closed","ping_status":"closed","template":"","meta":{"footnotes":""},"class_list":["post-1604","page","type-page","status-publish","hentry"],"aioseo_notices":[],"_links":{"self":[{"href":"https:\/\/laboitebleue.net\/index.php\/wp-json\/wp\/v2\/pages\/1604","targetHints":{"allow":["GET"]}}],"collection":[{"href":"https:\/\/laboitebleue.net\/index.php\/wp-json\/wp\/v2\/pages"}],"about":[{"href":"https:\/\/laboitebleue.net\/index.php\/wp-json\/wp\/v2\/types\/page"}],"author":[{"embeddable":true,"href":"https:\/\/laboitebleue.net\/index.php\/wp-json\/wp\/v2\/users\/1"}],"replies":[{"embeddable":true,"href":"https:\/\/laboitebleue.net\/index.php\/wp-json\/wp\/v2\/comments?post=1604"}],"version-history":[{"count":4,"href":"https:\/\/laboitebleue.net\/index.php\/wp-json\/wp\/v2\/pages\/1604\/revisions"}],"predecessor-version":[{"id":1688,"href":"https:\/\/laboitebleue.net\/index.php\/wp-json\/wp\/v2\/pages\/1604\/revisions\/1688"}],"wp:attachment":[{"href":"https:\/\/laboitebleue.net\/index.php\/wp-json\/wp\/v2\/media?parent=1604"}],"curies":[{"name":"wp","href":"https:\/\/api.w.org\/{rel}","templated":true}]}}